{"id":85,"date":"2018-04-17T22:38:16","date_gmt":"2018-04-17T21:38:16","guid":{"rendered":"http:\/\/aspmf.com\/WP\/?page_id=85"},"modified":"2026-02-15T11:34:39","modified_gmt":"2026-02-15T10:34:39","slug":"aspmf","status":"publish","type":"page","link":"https:\/\/www.aspmf.com\/WP\/aspmf\/","title":{"rendered":"ASPMF"},"content":{"rendered":"<p>&nbsp;<\/p>\n<hr size=\"1\" width=\"100%\" \/>\n<p><span style=\"color: #000080; font-family: Time new roman; font-size: large;\">\u00a0<\/span><\/p>\n<div align=\"CENTER\"><u><b>MEMBRES DU BUREAU :<\/b><\/u><\/div>\n<p><center><u>Organisation de l&rsquo;A.S.P.M.F<\/u><\/center><\/p>\n<p class=\"MsoNormal\" style=\"text-align: justify;\"><span style=\"mso-spacerun: yes;\">\u00a0<\/span><\/p>\n<div align=\"center\">\n<table class=\"MsoTableGrid\" style=\"border-collapse: collapse; border: none; mso-border-alt: solid windowtext .5pt; mso-yfti-tbllook: 480; mso-padding-alt: 0cm 5.4pt 0cm 5.4pt; mso-border-insideh: .5pt solid windowtext; mso-border-insidev: .5pt solid windowtext;\" border=\"1\" cellspacing=\"0\" cellpadding=\"0\" bgcolor=\"#e6f3ff\">\n<tbody>\n<tr style=\"mso-yfti-irow: 0;\">\n<td style=\"width: 131.4pt; border: 1pt solid windowtext; padding: 0cm 5.4pt; text-align: center;\" valign=\"top\" width=\"175\">Pr\u00e9sident<\/td>\n<td style=\"width: 153.0pt; border: solid windowtext 1.0pt; border-left: none; mso-border-left-alt: solid windowtext .5pt; mso-border-alt: solid windowtext .5pt; padding: 0cm 5.4pt 0cm 5.4pt;\" valign=\"top\" width=\"204\">Michel CLOAREC<\/td>\n<\/tr>\n<tr style=\"mso-yfti-irow: 1;\">\n<td style=\"border-width: medium 1pt 1pt; border-style: none solid solid; border-color: currentColor windowtext windowtext; padding: 0cm 5.4pt; width: 131.4pt; text-align: center; mso-border-alt: solid windowtext .5pt; mso-border-top-alt: solid windowtext .5pt;\" valign=\"top\" width=\"175\"><b>Vice-Pr\u00e9sident<\/b><\/td>\n<td style=\"width: 153.0pt; border-top: none; border-left: none; border-bottom: solid windowtext 1.0pt; border-right: solid windowtext 1.0pt; mso-border-top-alt: solid windowtext .5pt; mso-border-left-alt: solid windowtext .5pt; mso-border-alt: solid windowtext .5pt; padding: 0cm 5.4pt 0cm 5.4pt;\" valign=\"top\" width=\"204\">\u00a0 Yves MONVOISIN<\/td>\n<\/tr>\n<tr style=\"mso-yfti-irow: 2;\">\n<td style=\"width: 131.4pt; border-right: 1pt solid windowtext; border-bottom: 1pt solid windowtext; border-left: 1pt solid windowtext; border-image: initial; border-top: none; padding: 0cm 5.4pt; text-align: center;\" valign=\"top\" width=\"175\"><span style=\"text-align: center;\">Secr\u00e9taire et s\u00e9cr\u00e9taire adjoint<\/span><\/td>\n<td style=\"width: 153.0pt; border-top: none; border-left: none; border-bottom: solid windowtext 1.0pt; border-right: solid windowtext 1.0pt; mso-border-top-alt: solid windowtext .5pt; mso-border-left-alt: solid windowtext .5pt; mso-border-alt: solid windowtext .5pt; padding: 0cm 5.4pt 0cm 5.4pt;\" valign=\"top\" width=\"204\">Josiane MORVAN et Jeanine MELGUEN<\/td>\n<\/tr>\n<tr style=\"mso-yfti-irow: 4;\">\n<td style=\"width: 131.4pt; border: solid windowtext 1.0pt; border-top: none; mso-border-top-alt: solid windowtext .5pt; mso-border-alt: solid windowtext .5pt; padding: 0cm 5.4pt 0cm 5.4pt;\" valign=\"top\" width=\"175\">\n<p class=\"MsoNormal\" style=\"text-align: center;\" align=\"center\">Tr\u00e9sorier et tr\u00e9sorier adjoint<\/p>\n<\/td>\n<td style=\"width: 153.0pt; border-top: none; border-left: none; border-bottom: solid windowtext 1.0pt; border-right: solid windowtext 1.0pt; mso-border-top-alt: solid windowtext .5pt; mso-border-left-alt: solid windowtext .5pt; mso-border-alt: solid windowtext .5pt; padding: 0cm 5.4pt 0cm 5.4pt;\" valign=\"top\" width=\"204\">Thibaut BOURJAILLAT et G\u00e9rard GLEMOT<\/td>\n<\/tr>\n<\/tbody>\n<\/table>\n<\/div>\n<hr size=\"1\" width=\"100%\" \/>\n<p><span style=\"color: #000080; font-family: Time new roman; font-size: large;\">\u00a0<\/span><\/p>\n<div align=\"CENTER\"><u><b>STATUTS :<\/b><\/u><\/div>\n<p class=\"MsoNormal\" style=\"text-align: justify;\">Cette association loi 1901, d\u00e9clar\u00e9e le 29.01.1991 avec modification des statuts en date du 18 janvier 2014 a \u00e9t\u00e9 cr\u00e9e par Mr. BARAZER puis pr\u00e9sid\u00e9e ensuite par\u00a0Messieurs Jean-Claude BERVAS\u00a0, Yves BARBAISE et\u00a0 Ginette LE GALL .<\/p>\n<p><center>Si\u00e8ge social :<\/center><\/p>\n<p class=\"MsoNormal\" style=\"text-align: center;\" align=\"center\"><b style=\"mso-bidi-font-weight: normal;\">A.S.P.M.F<\/b><\/p>\n<p class=\"MsoNormal\" style=\"text-align: center;\" align=\"center\">1 rue du moulin du chat<\/p>\n<p class=\"MsoNormal\" style=\"text-align: center;\" align=\"center\">29\u00a0160 CROZON<\/p>\n<p align=\"center\">Contact : contact@aspmf.com<\/p>\n<p align=\"center\">Lien utile : <a href=\"https:\/\/www.helloasso.com\/associations\/association-pour-la-sauvegarde-du-patrimoine-maritime-du-fret\" target=\"_blank\" rel=\"noopener\">https:\/\/www.helloasso.com\/associations\/association-pour-la-sauvegarde-du-patrimoine-maritime-du-fret<\/a><\/p>\n","protected":false},"excerpt":{"rendered":"<p>&nbsp; \u00a0 MEMBRES DU BUREAU : Organisation de l&rsquo;A.S.P.M.F \u00a0 Pr\u00e9sident Michel CLOAREC Vice-Pr\u00e9sident \u00a0 Yves MONVOISIN Secr\u00e9taire et s\u00e9cr\u00e9taire adjoint Josiane MORVAN et Jeanine MELGUEN Tr\u00e9sorier et tr\u00e9sorier adjoint Thibaut BOURJAILLAT et G\u00e9rard GLEMOT \u00a0 STATUTS : Cette association loi 1901, d\u00e9clar\u00e9e le 29.01.1991 avec modification des statuts en date du 18 janvier 2014 &hellip; <\/p>\n<p><a class=\"more-link btn\" href=\"https:\/\/www.aspmf.com\/WP\/aspmf\/\">Lire la suite<\/a><\/p>\n","protected":false},"author":5,"featured_media":0,"parent":0,"menu_order":0,"comment_status":"closed","ping_status":"closed","template":"","meta":{"_exactmetrics_skip_tracking":false,"_exactmetrics_sitenote_active":false,"_exactmetrics_sitenote_note":"","_exactmetrics_sitenote_category":0,"footnotes":""},"class_list":["post-85","page","type-page","status-publish","hentry","nodate","item-wrap"],"yoast_head":"<!-- This site is optimized with the Yoast SEO plugin v27.4 - https:\/\/yoast.com\/product\/yoast-seo-wordpress\/ -->\n<title>ASPMF - A.S.P.M.F<\/title>\n<meta name=\"robots\" content=\"index, follow, max-snippet:-1, max-image-preview:large, max-video-preview:-1\" \/>\n<link rel=\"canonical\" href=\"https:\/\/www.aspmf.com\/WP\/aspmf\/\" \/>\n<meta property=\"og:locale\" content=\"fr_FR\" \/>\n<meta property=\"og:type\" content=\"article\" \/>\n<meta property=\"og:title\" content=\"ASPMF - A.S.P.M.F\" \/>\n<meta property=\"og:description\" content=\"&nbsp; \u00a0 MEMBRES DU BUREAU : Organisation de l&rsquo;A.S.P.M.F \u00a0 Pr\u00e9sident Michel CLOAREC Vice-Pr\u00e9sident \u00a0 Yves MONVOISIN Secr\u00e9taire et s\u00e9cr\u00e9taire adjoint Josiane MORVAN et Jeanine MELGUEN Tr\u00e9sorier et tr\u00e9sorier adjoint Thibaut BOURJAILLAT et G\u00e9rard GLEMOT \u00a0 STATUTS : Cette association loi 1901, d\u00e9clar\u00e9e le 29.01.1991 avec modification des statuts en date du 18 janvier 2014 &hellip; Lire la suite\" \/>\n<meta property=\"og:url\" content=\"https:\/\/www.aspmf.com\/WP\/aspmf\/\" \/>\n<meta property=\"og:site_name\" content=\"A.S.P.M.F\" \/>\n<meta property=\"article:publisher\" content=\"https:\/\/www.facebook.com\/aspmflefret\/\" \/>\n<meta property=\"article:modified_time\" content=\"2026-02-15T10:34:39+00:00\" \/>\n<meta property=\"og:image\" content=\"https:\/\/www.aspmf.com\/WP\/wp-content\/uploads\/cropped-logo_vectorized.png\" \/>\n\t<meta property=\"og:image:width\" content=\"512\" \/>\n\t<meta property=\"og:image:height\" content=\"512\" \/>\n\t<meta property=\"og:image:type\" content=\"image\/png\" \/>\n<meta name=\"twitter:card\" content=\"summary_large_image\" \/>\n<meta name=\"twitter:label1\" content=\"Dur\u00e9e de lecture estim\u00e9e\" \/>\n\t<meta name=\"twitter:data1\" content=\"1 minute\" \/>\n<script type=\"application\/ld+json\" class=\"yoast-schema-graph\">{\"@context\":\"https:\\\/\\\/schema.org\",\"@graph\":[{\"@type\":\"WebPage\",\"@id\":\"https:\\\/\\\/www.aspmf.com\\\/WP\\\/aspmf\\\/\",\"url\":\"https:\\\/\\\/www.aspmf.com\\\/WP\\\/aspmf\\\/\",\"name\":\"ASPMF - A.S.P.M.F\",\"isPartOf\":{\"@id\":\"https:\\\/\\\/www.aspmf.com\\\/WP\\\/#website\"},\"datePublished\":\"2018-04-17T21:38:16+00:00\",\"dateModified\":\"2026-02-15T10:34:39+00:00\",\"breadcrumb\":{\"@id\":\"https:\\\/\\\/www.aspmf.com\\\/WP\\\/aspmf\\\/#breadcrumb\"},\"inLanguage\":\"fr-FR\",\"potentialAction\":[{\"@type\":\"ReadAction\",\"target\":[\"https:\\\/\\\/www.aspmf.com\\\/WP\\\/aspmf\\\/\"]}]},{\"@type\":\"BreadcrumbList\",\"@id\":\"https:\\\/\\\/www.aspmf.com\\\/WP\\\/aspmf\\\/#breadcrumb\",\"itemListElement\":[{\"@type\":\"ListItem\",\"position\":1,\"name\":\"Accueil\",\"item\":\"https:\\\/\\\/www.aspmf.com\\\/WP\\\/\"},{\"@type\":\"ListItem\",\"position\":2,\"name\":\"ASPMF\"}]},{\"@type\":\"WebSite\",\"@id\":\"https:\\\/\\\/www.aspmf.com\\\/WP\\\/#website\",\"url\":\"https:\\\/\\\/www.aspmf.com\\\/WP\\\/\",\"name\":\"A.S.P.M.F\",\"description\":\"Association pour la Sauvegarde du Patrimoine Maritime du Fret\",\"potentialAction\":[{\"@type\":\"SearchAction\",\"target\":{\"@type\":\"EntryPoint\",\"urlTemplate\":\"https:\\\/\\\/www.aspmf.com\\\/WP\\\/?s={search_term_string}\"},\"query-input\":{\"@type\":\"PropertyValueSpecification\",\"valueRequired\":true,\"valueName\":\"search_term_string\"}}],\"inLanguage\":\"fr-FR\"}]}<\/script>\n<!-- \/ Yoast SEO plugin. -->","yoast_head_json":{"title":"ASPMF - A.S.P.M.F","robots":{"index":"index","follow":"follow","max-snippet":"max-snippet:-1","max-image-preview":"max-image-preview:large","max-video-preview":"max-video-preview:-1"},"canonical":"https:\/\/www.aspmf.com\/WP\/aspmf\/","og_locale":"fr_FR","og_type":"article","og_title":"ASPMF - A.S.P.M.F","og_description":"&nbsp; \u00a0 MEMBRES DU BUREAU : Organisation de l&rsquo;A.S.P.M.F \u00a0 Pr\u00e9sident Michel CLOAREC Vice-Pr\u00e9sident \u00a0 Yves MONVOISIN Secr\u00e9taire et s\u00e9cr\u00e9taire adjoint Josiane MORVAN et Jeanine MELGUEN Tr\u00e9sorier et tr\u00e9sorier adjoint Thibaut BOURJAILLAT et G\u00e9rard GLEMOT \u00a0 STATUTS : Cette association loi 1901, d\u00e9clar\u00e9e le 29.01.1991 avec modification des statuts en date du 18 janvier 2014 &hellip; Lire la suite","og_url":"https:\/\/www.aspmf.com\/WP\/aspmf\/","og_site_name":"A.S.P.M.F","article_publisher":"https:\/\/www.facebook.com\/aspmflefret\/","article_modified_time":"2026-02-15T10:34:39+00:00","og_image":[{"width":512,"height":512,"url":"https:\/\/www.aspmf.com\/WP\/wp-content\/uploads\/cropped-logo_vectorized.png","type":"image\/png"}],"twitter_card":"summary_large_image","twitter_misc":{"Dur\u00e9e de lecture estim\u00e9e":"1 minute"},"schema":{"@context":"https:\/\/schema.org","@graph":[{"@type":"WebPage","@id":"https:\/\/www.aspmf.com\/WP\/aspmf\/","url":"https:\/\/www.aspmf.com\/WP\/aspmf\/","name":"ASPMF - A.S.P.M.F","isPartOf":{"@id":"https:\/\/www.aspmf.com\/WP\/#website"},"datePublished":"2018-04-17T21:38:16+00:00","dateModified":"2026-02-15T10:34:39+00:00","breadcrumb":{"@id":"https:\/\/www.aspmf.com\/WP\/aspmf\/#breadcrumb"},"inLanguage":"fr-FR","potentialAction":[{"@type":"ReadAction","target":["https:\/\/www.aspmf.com\/WP\/aspmf\/"]}]},{"@type":"BreadcrumbList","@id":"https:\/\/www.aspmf.com\/WP\/aspmf\/#breadcrumb","itemListElement":[{"@type":"ListItem","position":1,"name":"Accueil","item":"https:\/\/www.aspmf.com\/WP\/"},{"@type":"ListItem","position":2,"name":"ASPMF"}]},{"@type":"WebSite","@id":"https:\/\/www.aspmf.com\/WP\/#website","url":"https:\/\/www.aspmf.com\/WP\/","name":"A.S.P.M.F","description":"Association pour la Sauvegarde du Patrimoine Maritime du Fret","potentialAction":[{"@type":"SearchAction","target":{"@type":"EntryPoint","urlTemplate":"https:\/\/www.aspmf.com\/WP\/?s={search_term_string}"},"query-input":{"@type":"PropertyValueSpecification","valueRequired":true,"valueName":"search_term_string"}}],"inLanguage":"fr-FR"}]}},"_links":{"self":[{"href":"https:\/\/www.aspmf.com\/WP\/wp-json\/wp\/v2\/pages\/85","targetHints":{"allow":["GET"]}}],"collection":[{"href":"https:\/\/www.aspmf.com\/WP\/wp-json\/wp\/v2\/pages"}],"about":[{"href":"https:\/\/www.aspmf.com\/WP\/wp-json\/wp\/v2\/types\/page"}],"author":[{"embeddable":true,"href":"https:\/\/www.aspmf.com\/WP\/wp-json\/wp\/v2\/users\/5"}],"replies":[{"embeddable":true,"href":"https:\/\/www.aspmf.com\/WP\/wp-json\/wp\/v2\/comments?post=85"}],"version-history":[{"count":5,"href":"https:\/\/www.aspmf.com\/WP\/wp-json\/wp\/v2\/pages\/85\/revisions"}],"predecessor-version":[{"id":14781,"href":"https:\/\/www.aspmf.com\/WP\/wp-json\/wp\/v2\/pages\/85\/revisions\/14781"}],"wp:attachment":[{"href":"https:\/\/www.aspmf.com\/WP\/wp-json\/wp\/v2\/media?parent=85"}],"curies":[{"name":"wp","href":"https:\/\/api.w.org\/{rel}","templated":true}]}}