{"id":68,"date":"2015-09-13T21:54:45","date_gmt":"2015-09-13T19:54:45","guid":{"rendered":"http:\/\/aspmf.com\/WP\/?page_id=68"},"modified":"2026-01-17T18:56:00","modified_gmt":"2026-01-17T17:56:00","slug":"bienvenue","status":"publish","type":"page","link":"https:\/\/www.aspmf.com\/WP\/","title":{"rendered":"Bienvenue"},"content":{"rendered":"<p>&nbsp;<\/p>\n<p style=\"text-align: center;\"><strong><em>Bienvenue sur le site de l\u2019Association pour la Sauvegarde du Patrimoine Maritime du Fret<\/em><\/strong><\/p>\n<p><img loading=\"lazy\" decoding=\"async\" class=\"size-medium wp-image-14732 aligncenter\" src=\"https:\/\/www.aspmf.com\/WP\/wp-content\/uploads\/Photo-le-FRET-4-300x184.jpg\" alt=\"\" width=\"300\" height=\"184\" srcset=\"https:\/\/www.aspmf.com\/WP\/wp-content\/uploads\/Photo-le-FRET-4-300x184.jpg 300w, https:\/\/www.aspmf.com\/WP\/wp-content\/uploads\/Photo-le-FRET-4-1024x628.jpg 1024w, https:\/\/www.aspmf.com\/WP\/wp-content\/uploads\/Photo-le-FRET-4-768x471.jpg 768w, https:\/\/www.aspmf.com\/WP\/wp-content\/uploads\/Photo-le-FRET-4-770x472.jpg 770w, https:\/\/www.aspmf.com\/WP\/wp-content\/uploads\/Photo-le-FRET-4.jpg 1254w\" sizes=\"auto, (max-width: 300px) 100vw, 300px\" \/><\/p>\n\n<table id=\"tablepress-2\" class=\"tablepress tablepress-id-2\">\n<thead>\n<tr class=\"row-1\">\n\t<th class=\"column-1\">Editorial :<\/th>\n<\/tr>\n<\/thead>\n<tbody class=\"row-striping row-hover\">\n<tr class=\"row-2\">\n\t<td class=\"column-1\">- Prochaine festivit\u00e9s : <br \/>\n<a href=\"http:\/\/www.aspmf.com\/WP\/agenda\/\" target=\"_blank\" rel=\"noopener noreferrer\"><br \/>\n    <b><font size=\"2\">CLIQUER ICI<\/font><\/b><br \/>\n<\/a><br \/>\n<\/td>\n<\/tr>\n<\/tbody>\n<\/table>\n<!-- #tablepress-2 from cache -->\n<p><a title=\"Carte Crozon - Le Fret\" href=\"http:\/\/www.aspmf.com\/photos\/accueuil\/mini\/img%20fret%2002.jpg\"><img loading=\"lazy\" decoding=\"async\" class=\"size-medium wp-image-16 alignleft\" src=\"http:\/\/www.aspmf.com\/photos\/accueuil\/mini\/img%20fret%2002.jpg\" alt=\"img%20fret%2002[2]\" width=\"300\" height=\"241\" \/><\/a><\/p>\n<p>L&rsquo;ASPMF est situ\u00e9e en presqu\u2019\u00eele de Crozon (Finist\u00e8re), pr\u00e9cis\u00e9ment dans le petit port du Fret, en rade de Brest.<\/p>\n<p>Cette association date de 1991, compte environ 140 adh\u00e9rents, et ses activit\u00e9s sont orient\u00e9es vers la mise en valeur du patrimoine maritime.<\/p>\n<p>A cet effet, elle continue \u00e0 animer des manifestations traditionnelles sur le port et elle assure l\u2019entretien d\u2019un canot restaur\u00e9 : \u00ab La Fr\u00e9toise \u00bb<\/p>\n<p>Par ailleurs, afin d\u2019assurer le financement de toutes ces activit\u00e9s, l\u2019association cr\u00e9e des spectacles avec tous ses b\u00e9n\u00e9voles<\/p>\n<p><a href=\"https:\/\/www.helloasso.com\/associations\/association-pour-la-sauvegarde-du-patrimoine-maritime-du-fret\" target=\"_blank\" rel=\"noopener\"><img loading=\"lazy\" decoding=\"async\" class=\"alignnone wp-image-14734 size-full\" src=\"https:\/\/www.aspmf.com\/WP\/wp-content\/uploads\/LOGO-HELLOASSO.jpg\" alt=\"\" width=\"166\" height=\"54\" \/><\/a><\/p>\n","protected":false},"excerpt":{"rendered":"<p>&nbsp; Bienvenue sur le site de l\u2019Association pour la Sauvegarde du Patrimoine Maritime du Fret L&rsquo;ASPMF est situ\u00e9e en presqu\u2019\u00eele de Crozon (Finist\u00e8re), pr\u00e9cis\u00e9ment dans le petit port du Fret, en rade de Brest. Cette association date de 1991, compte environ 140 adh\u00e9rents, et ses activit\u00e9s sont orient\u00e9es vers la mise en valeur du patrimoine &hellip; <\/p>\n<p><a class=\"more-link btn\" href=\"https:\/\/www.aspmf.com\/WP\/\">Lire la suite<\/a><\/p>\n","protected":false},"author":5,"featured_media":0,"parent":0,"menu_order":0,"comment_status":"closed","ping_status":"closed","template":"","meta":{"_exactmetrics_skip_tracking":false,"_exactmetrics_sitenote_active":false,"_exactmetrics_sitenote_note":"","_exactmetrics_sitenote_category":0,"footnotes":""},"class_list":["post-68","page","type-page","status-publish","hentry","nodate","item-wrap"],"yoast_head":"<!-- This site is optimized with the Yoast SEO plugin v27.4 - https:\/\/yoast.com\/product\/yoast-seo-wordpress\/ -->\n<title>Bienvenue - A.S.P.M.F<\/title>\n<meta name=\"robots\" content=\"index, follow, max-snippet:-1, max-image-preview:large, max-video-preview:-1\" \/>\n<link rel=\"canonical\" href=\"https:\/\/www.aspmf.com\/WP\/\" \/>\n<meta property=\"og:locale\" content=\"fr_FR\" \/>\n<meta property=\"og:type\" content=\"article\" \/>\n<meta property=\"og:title\" content=\"Bienvenue - A.S.P.M.F\" \/>\n<meta property=\"og:description\" content=\"&nbsp; Bienvenue sur le site de l\u2019Association pour la Sauvegarde du Patrimoine Maritime du Fret L&rsquo;ASPMF est situ\u00e9e en presqu\u2019\u00eele de Crozon (Finist\u00e8re), pr\u00e9cis\u00e9ment dans le petit port du Fret, en rade de Brest. Cette association date de 1991, compte environ 140 adh\u00e9rents, et ses activit\u00e9s sont orient\u00e9es vers la mise en valeur du patrimoine &hellip; Lire la suite\" \/>\n<meta property=\"og:url\" content=\"https:\/\/www.aspmf.com\/WP\/\" \/>\n<meta property=\"og:site_name\" content=\"A.S.P.M.F\" \/>\n<meta property=\"article:publisher\" content=\"https:\/\/www.facebook.com\/aspmflefret\/\" \/>\n<meta property=\"article:modified_time\" content=\"2026-01-17T17:56:00+00:00\" \/>\n<meta property=\"og:image\" content=\"https:\/\/www.aspmf.com\/WP\/wp-content\/uploads\/Photo-le-FRET-4.jpg\" \/>\n\t<meta property=\"og:image:width\" content=\"1254\" \/>\n\t<meta property=\"og:image:height\" content=\"769\" \/>\n\t<meta property=\"og:image:type\" content=\"image\/jpeg\" \/>\n<meta name=\"twitter:card\" content=\"summary_large_image\" \/>\n<meta name=\"twitter:label1\" content=\"Dur\u00e9e de lecture estim\u00e9e\" \/>\n\t<meta name=\"twitter:data1\" content=\"2 minutes\" \/>\n<script type=\"application\/ld+json\" class=\"yoast-schema-graph\">{\"@context\":\"https:\\\/\\\/schema.org\",\"@graph\":[{\"@type\":\"WebPage\",\"@id\":\"https:\\\/\\\/www.aspmf.com\\\/WP\\\/\",\"url\":\"https:\\\/\\\/www.aspmf.com\\\/WP\\\/\",\"name\":\"Bienvenue - A.S.P.M.F\",\"isPartOf\":{\"@id\":\"https:\\\/\\\/www.aspmf.com\\\/WP\\\/#website\"},\"primaryImageOfPage\":{\"@id\":\"https:\\\/\\\/www.aspmf.com\\\/WP\\\/#primaryimage\"},\"image\":{\"@id\":\"https:\\\/\\\/www.aspmf.com\\\/WP\\\/#primaryimage\"},\"thumbnailUrl\":\"https:\\\/\\\/www.aspmf.com\\\/WP\\\/wp-content\\\/uploads\\\/Photo-le-FRET-4-300x184.jpg\",\"datePublished\":\"2015-09-13T19:54:45+00:00\",\"dateModified\":\"2026-01-17T17:56:00+00:00\",\"breadcrumb\":{\"@id\":\"https:\\\/\\\/www.aspmf.com\\\/WP\\\/#breadcrumb\"},\"inLanguage\":\"fr-FR\",\"potentialAction\":[{\"@type\":\"ReadAction\",\"target\":[\"https:\\\/\\\/www.aspmf.com\\\/WP\\\/\"]}]},{\"@type\":\"ImageObject\",\"inLanguage\":\"fr-FR\",\"@id\":\"https:\\\/\\\/www.aspmf.com\\\/WP\\\/#primaryimage\",\"url\":\"https:\\\/\\\/www.aspmf.com\\\/WP\\\/wp-content\\\/uploads\\\/Photo-le-FRET-4.jpg\",\"contentUrl\":\"https:\\\/\\\/www.aspmf.com\\\/WP\\\/wp-content\\\/uploads\\\/Photo-le-FRET-4.jpg\",\"width\":1254,\"height\":769},{\"@type\":\"BreadcrumbList\",\"@id\":\"https:\\\/\\\/www.aspmf.com\\\/WP\\\/#breadcrumb\",\"itemListElement\":[{\"@type\":\"ListItem\",\"position\":1,\"name\":\"Accueil\",\"item\":\"https:\\\/\\\/www.aspmf.com\\\/WP\\\/\"},{\"@type\":\"ListItem\",\"position\":2,\"name\":\"Bienvenue\"}]},{\"@type\":\"WebSite\",\"@id\":\"https:\\\/\\\/www.aspmf.com\\\/WP\\\/#website\",\"url\":\"https:\\\/\\\/www.aspmf.com\\\/WP\\\/\",\"name\":\"A.S.P.M.F\",\"description\":\"Association pour la Sauvegarde du Patrimoine Maritime du Fret\",\"potentialAction\":[{\"@type\":\"SearchAction\",\"target\":{\"@type\":\"EntryPoint\",\"urlTemplate\":\"https:\\\/\\\/www.aspmf.com\\\/WP\\\/?s={search_term_string}\"},\"query-input\":{\"@type\":\"PropertyValueSpecification\",\"valueRequired\":true,\"valueName\":\"search_term_string\"}}],\"inLanguage\":\"fr-FR\"}]}<\/script>\n<!-- \/ Yoast SEO plugin. -->","yoast_head_json":{"title":"Bienvenue - A.S.P.M.F","robots":{"index":"index","follow":"follow","max-snippet":"max-snippet:-1","max-image-preview":"max-image-preview:large","max-video-preview":"max-video-preview:-1"},"canonical":"https:\/\/www.aspmf.com\/WP\/","og_locale":"fr_FR","og_type":"article","og_title":"Bienvenue - A.S.P.M.F","og_description":"&nbsp; Bienvenue sur le site de l\u2019Association pour la Sauvegarde du Patrimoine Maritime du Fret L&rsquo;ASPMF est situ\u00e9e en presqu\u2019\u00eele de Crozon (Finist\u00e8re), pr\u00e9cis\u00e9ment dans le petit port du Fret, en rade de Brest. Cette association date de 1991, compte environ 140 adh\u00e9rents, et ses activit\u00e9s sont orient\u00e9es vers la mise en valeur du patrimoine &hellip; Lire la suite","og_url":"https:\/\/www.aspmf.com\/WP\/","og_site_name":"A.S.P.M.F","article_publisher":"https:\/\/www.facebook.com\/aspmflefret\/","article_modified_time":"2026-01-17T17:56:00+00:00","og_image":[{"width":1254,"height":769,"url":"https:\/\/www.aspmf.com\/WP\/wp-content\/uploads\/Photo-le-FRET-4.jpg","type":"image\/jpeg"}],"twitter_card":"summary_large_image","twitter_misc":{"Dur\u00e9e de lecture estim\u00e9e":"2 minutes"},"schema":{"@context":"https:\/\/schema.org","@graph":[{"@type":"WebPage","@id":"https:\/\/www.aspmf.com\/WP\/","url":"https:\/\/www.aspmf.com\/WP\/","name":"Bienvenue - A.S.P.M.F","isPartOf":{"@id":"https:\/\/www.aspmf.com\/WP\/#website"},"primaryImageOfPage":{"@id":"https:\/\/www.aspmf.com\/WP\/#primaryimage"},"image":{"@id":"https:\/\/www.aspmf.com\/WP\/#primaryimage"},"thumbnailUrl":"https:\/\/www.aspmf.com\/WP\/wp-content\/uploads\/Photo-le-FRET-4-300x184.jpg","datePublished":"2015-09-13T19:54:45+00:00","dateModified":"2026-01-17T17:56:00+00:00","breadcrumb":{"@id":"https:\/\/www.aspmf.com\/WP\/#breadcrumb"},"inLanguage":"fr-FR","potentialAction":[{"@type":"ReadAction","target":["https:\/\/www.aspmf.com\/WP\/"]}]},{"@type":"ImageObject","inLanguage":"fr-FR","@id":"https:\/\/www.aspmf.com\/WP\/#primaryimage","url":"https:\/\/www.aspmf.com\/WP\/wp-content\/uploads\/Photo-le-FRET-4.jpg","contentUrl":"https:\/\/www.aspmf.com\/WP\/wp-content\/uploads\/Photo-le-FRET-4.jpg","width":1254,"height":769},{"@type":"BreadcrumbList","@id":"https:\/\/www.aspmf.com\/WP\/#breadcrumb","itemListElement":[{"@type":"ListItem","position":1,"name":"Accueil","item":"https:\/\/www.aspmf.com\/WP\/"},{"@type":"ListItem","position":2,"name":"Bienvenue"}]},{"@type":"WebSite","@id":"https:\/\/www.aspmf.com\/WP\/#website","url":"https:\/\/www.aspmf.com\/WP\/","name":"A.S.P.M.F","description":"Association pour la Sauvegarde du Patrimoine Maritime du Fret","potentialAction":[{"@type":"SearchAction","target":{"@type":"EntryPoint","urlTemplate":"https:\/\/www.aspmf.com\/WP\/?s={search_term_string}"},"query-input":{"@type":"PropertyValueSpecification","valueRequired":true,"valueName":"search_term_string"}}],"inLanguage":"fr-FR"}]}},"_links":{"self":[{"href":"https:\/\/www.aspmf.com\/WP\/wp-json\/wp\/v2\/pages\/68","targetHints":{"allow":["GET"]}}],"collection":[{"href":"https:\/\/www.aspmf.com\/WP\/wp-json\/wp\/v2\/pages"}],"about":[{"href":"https:\/\/www.aspmf.com\/WP\/wp-json\/wp\/v2\/types\/page"}],"author":[{"embeddable":true,"href":"https:\/\/www.aspmf.com\/WP\/wp-json\/wp\/v2\/users\/5"}],"replies":[{"embeddable":true,"href":"https:\/\/www.aspmf.com\/WP\/wp-json\/wp\/v2\/comments?post=68"}],"version-history":[{"count":5,"href":"https:\/\/www.aspmf.com\/WP\/wp-json\/wp\/v2\/pages\/68\/revisions"}],"predecessor-version":[{"id":14748,"href":"https:\/\/www.aspmf.com\/WP\/wp-json\/wp\/v2\/pages\/68\/revisions\/14748"}],"wp:attachment":[{"href":"https:\/\/www.aspmf.com\/WP\/wp-json\/wp\/v2\/media?parent=68"}],"curies":[{"name":"wp","href":"https:\/\/api.w.org\/{rel}","templated":true}]}}