{"id":31,"date":"2015-09-13T12:30:54","date_gmt":"2015-09-13T12:30:54","guid":{"rendered":"http:\/\/aspmf.com\/WP\/?page_id=31"},"modified":"2016-12-25T21:54:30","modified_gmt":"2016-12-25T19:54:30","slug":"agenda","status":"publish","type":"page","link":"https:\/\/www.aspmf.com\/WP\/agenda\/","title":{"rendered":"Agenda"},"content":{"rendered":"<h2 id=\"tablepress-1-name\" class=\"tablepress-table-name tablepress-table-name-id-1\">LES MANIFESTATIONS 2026<\/h2>\n\n<table id=\"tablepress-1\" class=\"tablepress tablepress-id-1\" aria-labelledby=\"tablepress-1-name\">\n<thead>\n<tr class=\"row-1\">\n\t<th class=\"column-1\">DATE<\/th><th class=\"column-2\">TITRE<\/th><th class=\"column-3\">LIEU<\/th><th class=\"column-4\">HORAIRE<\/th><th class=\"column-5\">DESCRIPTION<\/th>\n<\/tr>\n<\/thead>\n<tbody class=\"row-striping row-hover\">\n<tr class=\"row-2\">\n\t<td class=\"column-1\">Samedi 31 janvier 2026<\/td><td class=\"column-2\">ASSEMBLEE GENERALE 2026<\/td><td class=\"column-3\">Salle Ursule<\/td><td class=\"column-4\">17h30<\/td><td class=\"column-5\"><a href=\"https:\/\/www.aspmf.com\/WP\/assemblee-generale-2026\/\" target=\"_blank\" rel=\"noopener noreferrer\"><br \/>\n    Assembl\u00e9e G\u00e9n\u00e9rale 2026<br \/>\n<\/a><\/td>\n<\/tr>\n<tr class=\"row-3\">\n\t<td class=\"column-1\">Juillet 2026<\/td><td class=\"column-2\">FETE DU PORT<\/td><td class=\"column-3\">Quai du Fret<\/td><td class=\"column-4\">journ\u00e9e<\/td><td class=\"column-5\">A venir<\/td>\n<\/tr>\n<tr class=\"row-4\">\n\t<td class=\"column-1\">15 ao\u00fbt 2026<\/td><td class=\"column-2\">GRAND VIDE GRENIER<\/td><td class=\"column-3\">Quai du Fret<\/td><td class=\"column-4\">journ\u00e9e<\/td><td class=\"column-5\">A venir<\/td>\n<\/tr>\n<tr class=\"row-5\">\n\t<td class=\"column-1\">Octobre 2026<\/td><td class=\"column-2\">VIDE GRENIER<\/td><td class=\"column-3\">Salle omnisport nominoe - college Alain<\/td><td class=\"column-4\">9h-18h<\/td><td class=\"column-5\">A venir<\/td>\n<\/tr>\n<tr class=\"row-6\">\n\t<td class=\"column-1\">D\u00e9cembre 2026<\/td><td class=\"column-2\">CRECHE VIVANTE<\/td><td class=\"column-3\">chapelle de Tal ar groas<\/td><td class=\"column-4\"><\/td><td class=\"column-5\"><\/td>\n<\/tr>\n<\/tbody>\n<\/table>\n<!-- #tablepress-1 from cache -->\n","protected":false},"excerpt":{"rendered":"","protected":false},"author":5,"featured_media":0,"parent":0,"menu_order":0,"comment_status":"closed","ping_status":"closed","template":"","meta":{"_exactmetrics_skip_tracking":false,"_exactmetrics_sitenote_active":false,"_exactmetrics_sitenote_note":"","_exactmetrics_sitenote_category":0,"footnotes":""},"class_list":["post-31","page","type-page","status-publish","hentry","nodate","item-wrap"],"yoast_head":"<!-- This site is optimized with the Yoast SEO plugin v27.4 - https:\/\/yoast.com\/product\/yoast-seo-wordpress\/ -->\n<title>Agenda - A.S.P.M.F<\/title>\n<meta name=\"robots\" content=\"index, follow, max-snippet:-1, max-image-preview:large, max-video-preview:-1\" \/>\n<link rel=\"canonical\" href=\"https:\/\/www.aspmf.com\/WP\/agenda\/\" \/>\n<meta property=\"og:locale\" content=\"fr_FR\" \/>\n<meta property=\"og:type\" content=\"article\" \/>\n<meta property=\"og:title\" content=\"Agenda - A.S.P.M.F\" \/>\n<meta property=\"og:url\" content=\"https:\/\/www.aspmf.com\/WP\/agenda\/\" \/>\n<meta property=\"og:site_name\" content=\"A.S.P.M.F\" \/>\n<meta property=\"article:publisher\" content=\"https:\/\/www.facebook.com\/aspmflefret\/\" \/>\n<meta property=\"article:modified_time\" content=\"2016-12-25T19:54:30+00:00\" \/>\n<meta property=\"og:image\" content=\"https:\/\/www.aspmf.com\/WP\/wp-content\/uploads\/cropped-logo_vectorized.png\" \/>\n\t<meta property=\"og:image:width\" content=\"512\" \/>\n\t<meta property=\"og:image:height\" content=\"512\" \/>\n\t<meta property=\"og:image:type\" content=\"image\/png\" \/>\n<meta name=\"twitter:card\" content=\"summary_large_image\" \/>\n<script type=\"application\/ld+json\" class=\"yoast-schema-graph\">{\"@context\":\"https:\\\/\\\/schema.org\",\"@graph\":[{\"@type\":\"WebPage\",\"@id\":\"https:\\\/\\\/www.aspmf.com\\\/WP\\\/agenda\\\/\",\"url\":\"https:\\\/\\\/www.aspmf.com\\\/WP\\\/agenda\\\/\",\"name\":\"Agenda - A.S.P.M.F\",\"isPartOf\":{\"@id\":\"https:\\\/\\\/www.aspmf.com\\\/WP\\\/#website\"},\"datePublished\":\"2015-09-13T12:30:54+00:00\",\"dateModified\":\"2016-12-25T19:54:30+00:00\",\"breadcrumb\":{\"@id\":\"https:\\\/\\\/www.aspmf.com\\\/WP\\\/agenda\\\/#breadcrumb\"},\"inLanguage\":\"fr-FR\",\"potentialAction\":[{\"@type\":\"ReadAction\",\"target\":[\"https:\\\/\\\/www.aspmf.com\\\/WP\\\/agenda\\\/\"]}]},{\"@type\":\"BreadcrumbList\",\"@id\":\"https:\\\/\\\/www.aspmf.com\\\/WP\\\/agenda\\\/#breadcrumb\",\"itemListElement\":[{\"@type\":\"ListItem\",\"position\":1,\"name\":\"Accueil\",\"item\":\"https:\\\/\\\/www.aspmf.com\\\/WP\\\/\"},{\"@type\":\"ListItem\",\"position\":2,\"name\":\"Agenda\"}]},{\"@type\":\"WebSite\",\"@id\":\"https:\\\/\\\/www.aspmf.com\\\/WP\\\/#website\",\"url\":\"https:\\\/\\\/www.aspmf.com\\\/WP\\\/\",\"name\":\"A.S.P.M.F\",\"description\":\"Association pour la Sauvegarde du Patrimoine Maritime du Fret\",\"potentialAction\":[{\"@type\":\"SearchAction\",\"target\":{\"@type\":\"EntryPoint\",\"urlTemplate\":\"https:\\\/\\\/www.aspmf.com\\\/WP\\\/?s={search_term_string}\"},\"query-input\":{\"@type\":\"PropertyValueSpecification\",\"valueRequired\":true,\"valueName\":\"search_term_string\"}}],\"inLanguage\":\"fr-FR\"}]}<\/script>\n<!-- \/ Yoast SEO plugin. -->","yoast_head_json":{"title":"Agenda - A.S.P.M.F","robots":{"index":"index","follow":"follow","max-snippet":"max-snippet:-1","max-image-preview":"max-image-preview:large","max-video-preview":"max-video-preview:-1"},"canonical":"https:\/\/www.aspmf.com\/WP\/agenda\/","og_locale":"fr_FR","og_type":"article","og_title":"Agenda - A.S.P.M.F","og_url":"https:\/\/www.aspmf.com\/WP\/agenda\/","og_site_name":"A.S.P.M.F","article_publisher":"https:\/\/www.facebook.com\/aspmflefret\/","article_modified_time":"2016-12-25T19:54:30+00:00","og_image":[{"width":512,"height":512,"url":"https:\/\/www.aspmf.com\/WP\/wp-content\/uploads\/cropped-logo_vectorized.png","type":"image\/png"}],"twitter_card":"summary_large_image","schema":{"@context":"https:\/\/schema.org","@graph":[{"@type":"WebPage","@id":"https:\/\/www.aspmf.com\/WP\/agenda\/","url":"https:\/\/www.aspmf.com\/WP\/agenda\/","name":"Agenda - A.S.P.M.F","isPartOf":{"@id":"https:\/\/www.aspmf.com\/WP\/#website"},"datePublished":"2015-09-13T12:30:54+00:00","dateModified":"2016-12-25T19:54:30+00:00","breadcrumb":{"@id":"https:\/\/www.aspmf.com\/WP\/agenda\/#breadcrumb"},"inLanguage":"fr-FR","potentialAction":[{"@type":"ReadAction","target":["https:\/\/www.aspmf.com\/WP\/agenda\/"]}]},{"@type":"BreadcrumbList","@id":"https:\/\/www.aspmf.com\/WP\/agenda\/#breadcrumb","itemListElement":[{"@type":"ListItem","position":1,"name":"Accueil","item":"https:\/\/www.aspmf.com\/WP\/"},{"@type":"ListItem","position":2,"name":"Agenda"}]},{"@type":"WebSite","@id":"https:\/\/www.aspmf.com\/WP\/#website","url":"https:\/\/www.aspmf.com\/WP\/","name":"A.S.P.M.F","description":"Association pour la Sauvegarde du Patrimoine Maritime du Fret","potentialAction":[{"@type":"SearchAction","target":{"@type":"EntryPoint","urlTemplate":"https:\/\/www.aspmf.com\/WP\/?s={search_term_string}"},"query-input":{"@type":"PropertyValueSpecification","valueRequired":true,"valueName":"search_term_string"}}],"inLanguage":"fr-FR"}]}},"_links":{"self":[{"href":"https:\/\/www.aspmf.com\/WP\/wp-json\/wp\/v2\/pages\/31","targetHints":{"allow":["GET"]}}],"collection":[{"href":"https:\/\/www.aspmf.com\/WP\/wp-json\/wp\/v2\/pages"}],"about":[{"href":"https:\/\/www.aspmf.com\/WP\/wp-json\/wp\/v2\/types\/page"}],"author":[{"embeddable":true,"href":"https:\/\/www.aspmf.com\/WP\/wp-json\/wp\/v2\/users\/5"}],"replies":[{"embeddable":true,"href":"https:\/\/www.aspmf.com\/WP\/wp-json\/wp\/v2\/comments?post=31"}],"version-history":[{"count":0,"href":"https:\/\/www.aspmf.com\/WP\/wp-json\/wp\/v2\/pages\/31\/revisions"}],"wp:attachment":[{"href":"https:\/\/www.aspmf.com\/WP\/wp-json\/wp\/v2\/media?parent=31"}],"curies":[{"name":"wp","href":"https:\/\/api.w.org\/{rel}","templated":true}]}}